{"id":264,"date":"2025-03-20T11:02:22","date_gmt":"2025-03-20T10:02:22","guid":{"rendered":"http:\/\/santacaterina-delloionio.it\/?page_id=264"},"modified":"2025-04-23T09:28:42","modified_gmt":"2025-04-23T07:28:42","slug":"entdecke-die-wundervollen-apartments-von-santa-caterina","status":"publish","type":"page","link":"https:\/\/santacaterina-delloionio.it\/it\/entdecke-die-wundervollen-apartments-von-santa-caterina\/","title":{"rendered":"Scopri i meravigliosi appartamenti di Santa Caterina"},"content":{"rendered":"","protected":false},"excerpt":{"rendered":"","protected":false},"author":1,"featured_media":0,"parent":0,"menu_order":0,"comment_status":"closed","ping_status":"closed","template":"full-width","meta":{"saved_in_kubio":true,"_themeisle_gutenberg_block_has_review":false,"footnotes":""},"class_list":["post-264","page","type-page","status-publish","hentry"],"kubio_ai_page_context":{"short_desc":"Diese Seite sollte eine visuelle Galerie pr\u00e4sentieren, die Bilder, Videos oder multimediale Inhalte zeigt, die f\u00fcr unser Gesch\u00e4ft oder unsere Organisation relevant sind.","purpose":"gallery"},"_links":{"self":[{"href":"https:\/\/santacaterina-delloionio.it\/it\/wp-json\/wp\/v2\/pages\/264","targetHints":{"allow":["GET"]}}],"collection":[{"href":"https:\/\/santacaterina-delloionio.it\/it\/wp-json\/wp\/v2\/pages"}],"about":[{"href":"https:\/\/santacaterina-delloionio.it\/it\/wp-json\/wp\/v2\/types\/page"}],"author":[{"embeddable":true,"href":"https:\/\/santacaterina-delloionio.it\/it\/wp-json\/wp\/v2\/users\/1"}],"replies":[{"embeddable":true,"href":"https:\/\/santacaterina-delloionio.it\/it\/wp-json\/wp\/v2\/comments?post=264"}],"version-history":[{"count":10,"href":"https:\/\/santacaterina-delloionio.it\/it\/wp-json\/wp\/v2\/pages\/264\/revisions"}],"predecessor-version":[{"id":1050,"href":"https:\/\/santacaterina-delloionio.it\/it\/wp-json\/wp\/v2\/pages\/264\/revisions\/1050"}],"wp:attachment":[{"href":"https:\/\/santacaterina-delloionio.it\/it\/wp-json\/wp\/v2\/media?parent=264"}],"curies":[{"name":"wp","href":"https:\/\/api.w.org\/{rel}","templated":true}]}}