{"id":250,"date":"2025-03-20T10:57:42","date_gmt":"2025-03-20T09:57:42","guid":{"rendered":"http:\/\/santacaterina-delloionio.it\/?page_id=250"},"modified":"2025-03-30T07:09:27","modified_gmt":"2025-03-30T05:09:27","slug":"sehenswuerdigkeiten","status":"publish","type":"page","link":"https:\/\/santacaterina-delloionio.it\/it\/sehenswuerdigkeiten\/","title":{"rendered":"Sehensw\u00fcrdigkeiten"},"content":{"rendered":"","protected":false},"excerpt":{"rendered":"","protected":false},"author":1,"featured_media":0,"parent":0,"menu_order":0,"comment_status":"closed","ping_status":"closed","template":"full-width","meta":{"saved_in_kubio":true,"_themeisle_gutenberg_block_has_review":false,"footnotes":""},"class_list":["post-250","page","type-page","status-publish","hentry"],"kubio_ai_page_context":{"short_desc":"Diese Seite sollte eine visuelle Galerie pr\u00e4sentieren, die Bilder, Videos oder multimediale Inhalte zeigt, die f\u00fcr unser Gesch\u00e4ft oder unsere Organisation relevant sind.","purpose":"gallery"},"_links":{"self":[{"href":"https:\/\/santacaterina-delloionio.it\/it\/wp-json\/wp\/v2\/pages\/250","targetHints":{"allow":["GET"]}}],"collection":[{"href":"https:\/\/santacaterina-delloionio.it\/it\/wp-json\/wp\/v2\/pages"}],"about":[{"href":"https:\/\/santacaterina-delloionio.it\/it\/wp-json\/wp\/v2\/types\/page"}],"author":[{"embeddable":true,"href":"https:\/\/santacaterina-delloionio.it\/it\/wp-json\/wp\/v2\/users\/1"}],"replies":[{"embeddable":true,"href":"https:\/\/santacaterina-delloionio.it\/it\/wp-json\/wp\/v2\/comments?post=250"}],"version-history":[{"count":10,"href":"https:\/\/santacaterina-delloionio.it\/it\/wp-json\/wp\/v2\/pages\/250\/revisions"}],"predecessor-version":[{"id":664,"href":"https:\/\/santacaterina-delloionio.it\/it\/wp-json\/wp\/v2\/pages\/250\/revisions\/664"}],"wp:attachment":[{"href":"https:\/\/santacaterina-delloionio.it\/it\/wp-json\/wp\/v2\/media?parent=250"}],"curies":[{"name":"wp","href":"https:\/\/api.w.org\/{rel}","templated":true}]}}