{"id":1288,"date":"2025-05-02T08:37:26","date_gmt":"2025-05-02T06:37:26","guid":{"rendered":"https:\/\/santacaterina-delloionio.it\/?page_id=1288"},"modified":"2025-07-04T12:20:07","modified_gmt":"2025-07-04T10:20:07","slug":"leben-wohnen-seite","status":"publish","type":"page","link":"https:\/\/santacaterina-delloionio.it\/it\/leben-wohnen-seite\/","title":{"rendered":"Leben &#038; Wohnen Seite"},"content":{"rendered":"","protected":false},"excerpt":{"rendered":"","protected":false},"author":1,"featured_media":0,"parent":0,"menu_order":0,"comment_status":"closed","ping_status":"closed","template":"full-width","meta":{"saved_in_kubio":true,"_themeisle_gutenberg_block_has_review":false,"footnotes":""},"class_list":["post-1288","page","type-page","status-publish","hentry"],"kubio_ai_page_context":{"short_desc":"Diese Seite sollte eine visuelle Galerie pr\u00e4sentieren, die Bilder, Videos oder multimediale Inhalte zeigt, die f\u00fcr unser Gesch\u00e4ft oder unsere Organisation relevant sind.","purpose":"gallery"},"_links":{"self":[{"href":"https:\/\/santacaterina-delloionio.it\/it\/wp-json\/wp\/v2\/pages\/1288","targetHints":{"allow":["GET"]}}],"collection":[{"href":"https:\/\/santacaterina-delloionio.it\/it\/wp-json\/wp\/v2\/pages"}],"about":[{"href":"https:\/\/santacaterina-delloionio.it\/it\/wp-json\/wp\/v2\/types\/page"}],"author":[{"embeddable":true,"href":"https:\/\/santacaterina-delloionio.it\/it\/wp-json\/wp\/v2\/users\/1"}],"replies":[{"embeddable":true,"href":"https:\/\/santacaterina-delloionio.it\/it\/wp-json\/wp\/v2\/comments?post=1288"}],"version-history":[{"count":10,"href":"https:\/\/santacaterina-delloionio.it\/it\/wp-json\/wp\/v2\/pages\/1288\/revisions"}],"predecessor-version":[{"id":1420,"href":"https:\/\/santacaterina-delloionio.it\/it\/wp-json\/wp\/v2\/pages\/1288\/revisions\/1420"}],"wp:attachment":[{"href":"https:\/\/santacaterina-delloionio.it\/it\/wp-json\/wp\/v2\/media?parent=1288"}],"curies":[{"name":"wp","href":"https:\/\/api.w.org\/{rel}","templated":true}]}}